{"id":8649,"date":"2024-04-23T22:31:04","date_gmt":"2024-04-23T20:31:04","guid":{"rendered":"https:\/\/resetari.hr\/v2\/?page_id=8649"},"modified":"2024-04-23T22:31:04","modified_gmt":"2024-04-23T20:31:04","slug":"javna-nabava","status":"publish","type":"page","link":"https:\/\/resetari.hr\/v2\/javna-nabava\/","title":{"rendered":"Javna nabava"},"content":{"rendered":"<p><strong>Popis gospodarskih subjekata sa kojima je Op\u0107ina Re\u0161etari kao javni naru\u010ditelj u sukobu interesa<\/strong><\/p>\n<p><strong>Popis gospodarskih subjekata s kojima je Op\u0107ina Re\u0161etari kao javni naru\u010ditelj, sukladno Zakonu o javnoj nabavi (Narodne novine broj 120\/16 i 114\/22), u sukobu interesa<\/strong><\/p>\n<p>&nbsp;<\/p>\n<p>Sukob interesa izme\u0111u naru\u010ditelja i gospodarskog subjekta po Zakonu o javnoj nabavi (Narodne novine broj 120\/16 i 114\/22) obuhva\u0107a situacije kada predstavnici naru\u010ditelja ili pru\u017eatelja usluga slu\u017ebe nabave koji djeluje u ime naru\u010ditelja, koji su uklju\u010deni u provedbu postupka javne nabave ili mogu utjecati na ishod tog postupka, imaju, izravno ili neizravno, financijski, gospodarski ili bilo koji drugi osobni interes koji bi se mogao smatrati \u0161tetnim za njihovu nepristranost i neovisnost u okviru postupka, a osobito:<\/p>\n<ol>\n<li>ako predstavnik naru\u010ditelja istodobno obavlja upravlja\u010dke poslove u gospodarskom subjektu,<\/li>\n<li>ako je predstavnik naru\u010ditelja vlasnik poslovnog udjela, dionica odnosno drugih prava na temelju kojih sudjeluje u upravljanju odnosno u kapitalu toga gospodarskog subjekta s vi\u0161e od 0,5 %.<\/li>\n<\/ol>\n<p>Predstavnikom naru\u010ditelja u smislu ovoga \u010dlanka smatra se:<\/p>\n<ol>\n<li>\u010delnik te \u010dlan upravnog, upravlja\u010dkog i nadzornog tijela naru\u010ditelja<\/li>\n<li>\u010dlan stru\u010dnog povjerenstva za javnu nabavu<\/li>\n<li>druga osoba koja je uklju\u010dena u provedbu ili koja mo\u017ee utjecati na odlu\u010divanje naru\u010ditelja u postupku javne nabave, i<\/li>\n<li>osobe iz to\u010daka 1., 2. i 3. kod pru\u017eatelja usluga nabave koji djeluju u ime naru\u010ditelja.<\/li>\n<\/ol>\n<p>Odredbe o sukobu interesa iz \u010dlanka 76 ZJN 2022. primjenjuju se na odgovaraju\u0107i na\u010din na srodnike po krvi u pravoj liniji ili u pobo\u010dnoj liniji do \u010detvrtog stupnja, srodnike po tazbini do drugog stupnja, bra\u010dnog ili izvanbra\u010dnog druga, bez obzira na to je li brak prestao, te posvojitelje i posvojenike (u daljnjem tekstu: povezane osobe) predstavnika naru\u010ditelja iz \u00a0to\u010dke 1. (\u010delnika tijela naru\u010ditelja, \u010dlana upravnog, upravlja\u010dkog ili nadzornog tijela naru\u010ditelja).<\/p>\n<p>Iznimno, sukob interesa ne postoji ako je povezana osoba predstavnika naru\u010ditelja poslovne udjele, dionice odnosno druga prava na temelju kojih sudjeluje u upravljanju odnosno u kapitalu gospodarskog subjekta s vi\u0161e od 0,5 % stekla u razdoblju od najmanje dvije godine prije imenovanja odnosno stupanja na du\u017enost predstavnika naru\u010ditelja s kojim je povezana.<\/p>\n<p>Na temelju \u010dlanka 80. stavak 2. to\u010dka 1. Zakona o javnoj nabavi (Narodne novine broj 120\/16 i 114\/22) i \u010dlanka 48. Statuta Op\u0107ine Re\u0161etari (\u201cSlu\u017ebeni glasnik Op\u0107ine Re\u0161etari\u201d, broj 1\/18, 1\/20 i 1\/21) Na\u010delnik Op\u0107ine Re\u0161etari objavljuje<\/p>\n<p><strong>POPIS GOSPODARSKIH SUBJEKATA S KOJIMA JE OP\u0106INA RE\u0160ETARI, KAO JAVNI NARU\u010cITELJ, SUKLADNO ZAKONU O JAVNOJ NABAVI (Narodne novine broj 120\/16 i 114\/22), U SUKOBU INTERESA<\/strong><\/p>\n<p><strong>Op\u0107ina Re\u0161etari, kao javni naru\u010ditelj, nije u sukobu interesa sa nijednim gospodarskim subjektom uklju\u010denim u provedbu postupka javne nabave.<\/strong><\/p>\n<p>&nbsp;<\/p>\n<p><em>\u00a0Op\u0107inski na\u010delnik<\/em><\/p>\n<p><em>Zlatko Aga<\/em><\/p>\n","protected":false},"excerpt":{"rendered":"<p>Popis gospodarskih subjekata sa kojima je Op\u0107ina Re\u0161etari kao javni naru\u010ditelj u sukobu interesa Popis gospodarskih subjekata s kojima je Op\u0107ina Re\u0161etari kao javni naru\u010ditelj, sukladno Zakonu o javnoj nabavi (Narodne novine broj 120\/16 i 114\/22), u sukobu interesa &nbsp; Sukob interesa izme\u0111u naru\u010ditelja i gospodarskog subjekta po Zakonu o javnoj nabavi (Narodne novine broj [&hellip;]<\/p>\n","protected":false},"author":1,"featured_media":0,"parent":0,"menu_order":0,"comment_status":"closed","ping_status":"closed","template":"","meta":{"footnotes":""},"class_list":["post-8649","page","type-page","status-publish","hentry"],"_links":{"self":[{"href":"https:\/\/resetari.hr\/v2\/wp-json\/wp\/v2\/pages\/8649","targetHints":{"allow":["GET"]}}],"collection":[{"href":"https:\/\/resetari.hr\/v2\/wp-json\/wp\/v2\/pages"}],"about":[{"href":"https:\/\/resetari.hr\/v2\/wp-json\/wp\/v2\/types\/page"}],"author":[{"embeddable":true,"href":"https:\/\/resetari.hr\/v2\/wp-json\/wp\/v2\/users\/1"}],"replies":[{"embeddable":true,"href":"https:\/\/resetari.hr\/v2\/wp-json\/wp\/v2\/comments?post=8649"}],"version-history":[{"count":1,"href":"https:\/\/resetari.hr\/v2\/wp-json\/wp\/v2\/pages\/8649\/revisions"}],"predecessor-version":[{"id":8650,"href":"https:\/\/resetari.hr\/v2\/wp-json\/wp\/v2\/pages\/8649\/revisions\/8650"}],"wp:attachment":[{"href":"https:\/\/resetari.hr\/v2\/wp-json\/wp\/v2\/media?parent=8649"}],"curies":[{"name":"wp","href":"https:\/\/api.w.org\/{rel}","templated":true}]}}